{"id":9,"date":"2014-08-01T10:34:42","date_gmt":"2014-08-01T09:34:42","guid":{"rendered":"http:\/\/www.cbg-congo.com\/?page_id=9"},"modified":"2016-09-27T11:03:42","modified_gmt":"2016-09-27T10:03:42","slug":"mot-du-dg","status":"publish","type":"page","link":"https:\/\/www.cbgcongo.com\/?page_id=9","title":{"rendered":"Mot de la D.G"},"content":{"rendered":"<p style=\"text-align: justify;\"><strong>CBG<\/strong> s&rsquo;engage \u00e0 \u00a0investir dans les domaines sociaux, et \u00e9conomiques \u00a0pour ainsi poser sa petite\u00a0pierre \u00e0 l&rsquo;\u00e9difice de la construction de ce beau pays\u00a0qu&rsquo;est le Congo Brazzaville et rejoindre par la, cette vision du chef de l&rsquo;Etat: \u00a0\u00bb Sur le chemin d&rsquo;avenir\u00a0\u00bb.<\/p>\n<p style=\"text-align: justify;\">Pour y arriver, \u00a0quotidiennement au contact de nos clients nos collaborateurs donnent vie \u00e0 nos valeurs \u00ab d\u2019<strong>esprit de service<\/strong>\u00a0\u00bb, \u00ab d\u2019<strong>esprit d\u2019\u00e9quipe<\/strong>\u00a0\u00bb et \u00ab d\u2019<strong>esprit de progr\u00e8s<\/strong>\u00a0\u00bb. Elles font notre sp\u00e9cificit\u00e9 et notre richesse.<\/p>\n<h3 style=\"text-align: justify;\">L\u2019esprit de service<\/h3>\n<ul style=\"text-align: justify;\">\n<li>Le client et les consommateurs sont l\u2019objet de toutes nos attentions.<\/li>\n<li>Pour bien les servir, il nous faut chaque jour, \u00e0 tous les niveaux, d\u00e9montrer notre disponibilit\u00e9, notre capacit\u00e9 d\u2019\u00e9coute, notre facult\u00e9 \u00e0 anticiper leurs attentes, notre sens de la convivialit\u00e9; notre rapidit\u00e9 \u00e0 r\u00e9agir \u00e0 leurs remarques, notre fiert\u00e9 \u00e0 les satisfaire.<\/li>\n<li><strong>CBG<\/strong> est devenu une grande entreprise au Congo Brazzaville, tout en restant une entreprise de proximit\u00e9 o\u00f9 chaque responsable sur le terrain est un v\u00e9ritable chef d\u2019entreprise, proche de ses clients et autonome dans ses d\u00e9cisions.<\/li>\n<\/ul>\n<h3 style=\"text-align: justify;\">L\u2019esprit d\u2019\u00e9quipe<\/h3>\n<ul style=\"text-align: justify;\">\n<li>Il doit exister dans toutes nos exploitations, nos unit\u00e9s op\u00e9rationnelles et fonctionnelles, comme dans nos comit\u00e9s de directions.<\/li>\n<li>Les comp\u00e9tences des uns s\u2019allient aux savoir-faire des autres et contribuent ainsi \u00e0 assurer le succ\u00e8s de <strong>CBG<\/strong>.<\/li>\n<li>L\u2019organisation de l\u2019\u00e9quipe est fond\u00e9e sur le respect des r\u00e8gles suivantes : l\u2019\u00e9coute, la transparence, le respect des autres, la diversit\u00e9, la solidarit\u00e9 dans la mise en \u0153uvre des d\u00e9cisions majeures, le respect des r\u00e8gles et le soutien mutuel, particuli\u00e8rement dans la difficult\u00e9.<\/li>\n<\/ul>\n<h3 style=\"text-align: justify;\">L\u2019esprit de progr\u00e8s<\/h3>\n<p style=\"text-align: justify;\">Il se mat\u00e9rialise par :<\/p>\n<ul>\n<li style=\"text-align: justify;\">La volont\u00e9, mais aussi la croyance profonde que l\u2019on peut toujours am\u00e9liorer la situation pr\u00e9sente ;<\/li>\n<li style=\"text-align: justify;\">L\u2019acceptation de l\u2019\u00e9valuation de ses performances et de la comparaison avec ses coll\u00e8gues \u00e0 l\u2019int\u00e9rieur de l\u2019entreprise, ou avec ses concurrents ;<\/li>\n<li style=\"text-align: justify;\">La remise en cause, car l\u2019analyse des succ\u00e8s comme celle des \u00e9checs sont la base d\u2019une r\u00e9ussite durable ;<\/li>\n<li style=\"text-align: justify;\">L\u2019\u00e9quilibre entre ambition et humilit\u00e9 ;<\/li>\n<li style=\"text-align: justify;\">L\u2019optimisme, la certitude que pour tout probl\u00e8me il existe une solution, une innovation, un progr\u00e8s \u00e0 r\u00e9aliser.<\/li>\n<\/ul>\n<p style=\"text-align: right;\"><a title=\"Biographie Annette FATAKI DG CBG\" href=\"http:\/\/www.cbg-congo.com\/wp-content\/uploads\/2016\/09\/CBG.pdf\" target=\"_blank\"><b>Annette FATAKI<\/b><\/a><\/p>\n<p style=\"text-align: right;\"><em>Bonne visite dans notre site qui est aussi la votre<\/em><\/p>\n","protected":false},"excerpt":{"rendered":"<p>CBG s&rsquo;engage \u00e0 \u00a0investir dans les domaines sociaux, et \u00e9conomiques \u00a0pour ainsi poser sa petite\u00a0pierre \u00e0 l&rsquo;\u00e9difice de la construction de ce beau pays\u00a0qu&rsquo;est le Congo Brazzaville et rejoindre par la, cette vision du chef de l&rsquo;Etat: \u00a0\u00bb Sur le chemin d&rsquo;avenir\u00a0\u00bb. Pour y arriver, \u00a0quotidiennement au contact de nos clients nos collaborateurs donnent vie [&hellip;]<\/p>\n","protected":false},"author":1,"featured_media":0,"parent":0,"menu_order":0,"comment_status":"closed","ping_status":"closed","template":"onecolumn-page.php","meta":{"footnotes":""},"aioseo_notices":[],"_links":{"self":[{"href":"https:\/\/www.cbgcongo.com\/index.php?rest_route=\/wp\/v2\/pages\/9"}],"collection":[{"href":"https:\/\/www.cbgcongo.com\/index.php?rest_route=\/wp\/v2\/pages"}],"about":[{"href":"https:\/\/www.cbgcongo.com\/index.php?rest_route=\/wp\/v2\/types\/page"}],"author":[{"embeddable":true,"href":"https:\/\/www.cbgcongo.com\/index.php?rest_route=\/wp\/v2\/users\/1"}],"replies":[{"embeddable":true,"href":"https:\/\/www.cbgcongo.com\/index.php?rest_route=%2Fwp%2Fv2%2Fcomments&post=9"}],"version-history":[{"count":14,"href":"https:\/\/www.cbgcongo.com\/index.php?rest_route=\/wp\/v2\/pages\/9\/revisions"}],"predecessor-version":[{"id":315,"href":"https:\/\/www.cbgcongo.com\/index.php?rest_route=\/wp\/v2\/pages\/9\/revisions\/315"}],"wp:attachment":[{"href":"https:\/\/www.cbgcongo.com\/index.php?rest_route=%2Fwp%2Fv2%2Fmedia&parent=9"}],"curies":[{"name":"wp","href":"https:\/\/api.w.org\/{rel}","templated":true}]}}