{"id":201,"date":"2014-11-02T12:23:44","date_gmt":"2014-11-02T11:23:44","guid":{"rendered":"http:\/\/www.cbg-congo.com\/?page_id=201"},"modified":"2016-09-12T11:44:53","modified_gmt":"2016-09-12T10:44:53","slug":"qui-sommes-nous","status":"publish","type":"page","link":"https:\/\/www.cbgcongo.com\/?page_id=201","title":{"rendered":"Qui sommes-Nous?"},"content":{"rendered":"<p style=\"text-align: justify;\">CONSULTING BUSINESS GROUP (CBG), est l&rsquo;un des\u00a0leaders dans la mise \u00e0 disposition du personnel qualifi\u00e9 pour les soci\u00e9t\u00e9s P\u00e9troli\u00e8res et Parap\u00e9troli\u00e8res\u00a0\u00a0en On et\u00a0Off Shore.\u00a0Nous sommes\u00a0une soci\u00e9t\u00e9 de droit\u00a0\u00a0congolais impliqu\u00e9e dans diverses activit\u00e9s \u00e0 Pointe Noire. \u00a0Nous\u00a0sommes\u00a0install\u00e9s au Congo depuis\u00a02012, avec\u00a0une \u00e9quipe dirigeante jeune, dynamique et comp\u00e9tente. Nous\u00a0employons des techniciens congolais et \u00e9trangers hautement qualifi\u00e9s qui sont \u00e0 m\u00eame de r\u00e9pondre aux besoins et exigences de nos clients.<\/p>\n<p>si\u00e8ge social:\u00a0TCHIKOBO\u00a0Centre-Ville Pointe-Noire, BP. : 1783.\u00a0Tel: 04 005 46 40 \/ 04 005 46 38<\/p>\n<p>Afin de maintenir et d\u2019am\u00e9liorer l\u2019efficacit\u00e9 de l\u2019ensemble de nos prestations, CBG sarl s\u2019est engag\u00e9e dans une d\u00e9marche qualit\u00e9 afin d\u2019obtenir la certification ISO 9001.<br \/>\nTous les moyens et les ressources n\u00e9cessaires sont mis en \u0153uvre pour cette d\u00e9marche qui vise \u00e0 :<br \/>\n\u2022 Am\u00e9liorer l\u2019efficacit\u00e9 de notre organisation et de nos m\u00e9thodes de travail,<br \/>\n\u2022 P\u00e9renniser la qualit\u00e9 de nos prestations et r\u00e9pondre aux attentes croissantes de nos clients, notamment en mati\u00e8re de QHSE,<br \/>\n\u2022 Promouvoir et respecter les valeurs fondamentales dans le domaine des droits de l&rsquo;homme, des normes du travail, de l&rsquo;environnement et de la lutte contre la corruption.<\/p>\n","protected":false},"excerpt":{"rendered":"<p>CONSULTING BUSINESS GROUP (CBG), est l&rsquo;un des\u00a0leaders dans la mise \u00e0 disposition du personnel qualifi\u00e9 pour les soci\u00e9t\u00e9s P\u00e9troli\u00e8res et Parap\u00e9troli\u00e8res\u00a0\u00a0en On et\u00a0Off Shore.\u00a0Nous sommes\u00a0une soci\u00e9t\u00e9 de droit\u00a0\u00a0congolais impliqu\u00e9e dans diverses activit\u00e9s \u00e0 Pointe Noire. \u00a0Nous\u00a0sommes\u00a0install\u00e9s au Congo depuis\u00a02012, avec\u00a0une \u00e9quipe dirigeante jeune, dynamique et comp\u00e9tente. Nous\u00a0employons des techniciens congolais et \u00e9trangers hautement qualifi\u00e9s qui [&hellip;]<\/p>\n","protected":false},"author":1,"featured_media":0,"parent":0,"menu_order":0,"comment_status":"open","ping_status":"open","template":"","meta":{"footnotes":""},"aioseo_notices":[],"_links":{"self":[{"href":"https:\/\/www.cbgcongo.com\/index.php?rest_route=\/wp\/v2\/pages\/201"}],"collection":[{"href":"https:\/\/www.cbgcongo.com\/index.php?rest_route=\/wp\/v2\/pages"}],"about":[{"href":"https:\/\/www.cbgcongo.com\/index.php?rest_route=\/wp\/v2\/types\/page"}],"author":[{"embeddable":true,"href":"https:\/\/www.cbgcongo.com\/index.php?rest_route=\/wp\/v2\/users\/1"}],"replies":[{"embeddable":true,"href":"https:\/\/www.cbgcongo.com\/index.php?rest_route=%2Fwp%2Fv2%2Fcomments&post=201"}],"version-history":[{"count":6,"href":"https:\/\/www.cbgcongo.com\/index.php?rest_route=\/wp\/v2\/pages\/201\/revisions"}],"predecessor-version":[{"id":310,"href":"https:\/\/www.cbgcongo.com\/index.php?rest_route=\/wp\/v2\/pages\/201\/revisions\/310"}],"wp:attachment":[{"href":"https:\/\/www.cbgcongo.com\/index.php?rest_route=%2Fwp%2Fv2%2Fmedia&parent=201"}],"curies":[{"name":"wp","href":"https:\/\/api.w.org\/{rel}","templated":true}]}}